{"id":52,"date":"2024-06-06T20:37:58","date_gmt":"2024-06-06T18:37:58","guid":{"rendered":"https:\/\/siteonepage.cumur.butmmi.o2switch.site\/wordpress\/?page_id=52"},"modified":"2024-06-07T16:59:33","modified_gmt":"2024-06-07T14:59:33","slug":"a-propos","status":"publish","type":"page","link":"https:\/\/siteonepage.cumur.butmmi.o2switch.site\/wordpress\/a-propos\/","title":{"rendered":"A propos"},"content":{"rendered":"\t\t<div data-elementor-type=\"wp-page\" data-elementor-id=\"52\" class=\"elementor elementor-52\">\n\t\t\t\t<div class=\"elementor-element elementor-element-27d9e51 e-flex e-con-boxed e-con e-parent\" data-id=\"27d9e51\" data-element_type=\"container\">\n\t\t\t\t\t<div class=\"e-con-inner\">\n\t\t<div class=\"elementor-element elementor-element-6d4caa7 e-con-full e-flex e-con e-child\" data-id=\"6d4caa7\" data-element_type=\"container\">\n\t\t\t\t<div class=\"elementor-element elementor-element-6d2c74c elementor-widget elementor-widget-heading\" data-id=\"6d2c74c\" data-element_type=\"widget\" data-widget_type=\"heading.default\">\n\t\t\t\t<div class=\"elementor-widget-container\">\n\t\t\t<style>\/*! elementor - v3.21.0 - 26-05-2024 *\/\n.elementor-heading-title{padding:0;margin:0;line-height:1}.elementor-widget-heading .elementor-heading-title[class*=elementor-size-]>a{color:inherit;font-size:inherit;line-height:inherit}.elementor-widget-heading .elementor-heading-title.elementor-size-small{font-size:15px}.elementor-widget-heading .elementor-heading-title.elementor-size-medium{font-size:19px}.elementor-widget-heading .elementor-heading-title.elementor-size-large{font-size:29px}.elementor-widget-heading .elementor-heading-title.elementor-size-xl{font-size:39px}.elementor-widget-heading .elementor-heading-title.elementor-size-xxl{font-size:59px}<\/style><h2 class=\"elementor-heading-title elementor-size-default\"><a href=\"https:\/\/siteonepage.cumur.butmmi.o2switch.site\/wordpress\/\">Atarashii Gakko!<\/a><\/h2>\t\t<\/div>\n\t\t\t\t<\/div>\n\t\t\t\t<\/div>\n\t\t<div class=\"elementor-element elementor-element-9f7121a e-con-full e-flex e-con e-child\" data-id=\"9f7121a\" data-element_type=\"container\">\n\t\t\t\t<div class=\"elementor-element elementor-element-6b0cc9e elementor-widget elementor-widget-text-editor\" data-id=\"6b0cc9e\" data-element_type=\"widget\" data-widget_type=\"text-editor.default\">\n\t\t\t\t<div class=\"elementor-widget-container\">\n\t\t\t<style>\/*! elementor - v3.21.0 - 26-05-2024 *\/\n.elementor-widget-text-editor.elementor-drop-cap-view-stacked .elementor-drop-cap{background-color:#69727d;color:#fff}.elementor-widget-text-editor.elementor-drop-cap-view-framed .elementor-drop-cap{color:#69727d;border:3px solid;background-color:transparent}.elementor-widget-text-editor:not(.elementor-drop-cap-view-default) .elementor-drop-cap{margin-top:8px}.elementor-widget-text-editor:not(.elementor-drop-cap-view-default) .elementor-drop-cap-letter{width:1em;height:1em}.elementor-widget-text-editor .elementor-drop-cap{float:left;text-align:center;line-height:1;font-size:50px}.elementor-widget-text-editor .elementor-drop-cap-letter{display:inline-block}<\/style>\t\t\t\t<p><a href=\"https:\/\/siteonepage.cumur.butmmi.o2switch.site\/wordpress\/a-propos\/\">\u00c0 Propos\u00a0<\/a>\u00a0<\/p>\t\t\t\t\t\t<\/div>\n\t\t\t\t<\/div>\n\t\t\t\t<\/div>\n\t\t\t\t\t<\/div>\n\t\t\t\t<\/div>\n\t\t<div class=\"elementor-element elementor-element-62f3631 e-flex e-con-boxed e-con e-parent\" data-id=\"62f3631\" data-element_type=\"container\">\n\t\t\t\t\t<div class=\"e-con-inner\">\n\t\t\t\t<div class=\"elementor-element elementor-element-7e9c705 elementor-widget elementor-widget-heading\" data-id=\"7e9c705\" data-element_type=\"widget\" data-widget_type=\"heading.default\">\n\t\t\t\t<div class=\"elementor-widget-container\">\n\t\t\t<h2 class=\"elementor-heading-title elementor-size-default\">\u00c0 Propos<\/h2>\t\t<\/div>\n\t\t\t\t<\/div>\n\t\t\t\t\t<\/div>\n\t\t\t\t<\/div>\n\t\t<div class=\"elementor-element elementor-element-37a7ac3 e-flex e-con-boxed e-con e-parent\" data-id=\"37a7ac3\" data-element_type=\"container\">\n\t\t\t\t\t<div class=\"e-con-inner\">\n\t\t\t\t<div class=\"elementor-element elementor-element-359b525 elementor-widget elementor-widget-spacer\" data-id=\"359b525\" data-element_type=\"widget\" data-widget_type=\"spacer.default\">\n\t\t\t\t<div class=\"elementor-widget-container\">\n\t\t\t<style>\/*! elementor - v3.21.0 - 26-05-2024 *\/\n.elementor-column .elementor-spacer-inner{height:var(--spacer-size)}.e-con{--container-widget-width:100%}.e-con-inner>.elementor-widget-spacer,.e-con>.elementor-widget-spacer{width:var(--container-widget-width,var(--spacer-size));--align-self:var(--container-widget-align-self,initial);--flex-shrink:0}.e-con-inner>.elementor-widget-spacer>.elementor-widget-container,.e-con>.elementor-widget-spacer>.elementor-widget-container{height:100%;width:100%}.e-con-inner>.elementor-widget-spacer>.elementor-widget-container>.elementor-spacer,.e-con>.elementor-widget-spacer>.elementor-widget-container>.elementor-spacer{height:100%}.e-con-inner>.elementor-widget-spacer>.elementor-widget-container>.elementor-spacer>.elementor-spacer-inner,.e-con>.elementor-widget-spacer>.elementor-widget-container>.elementor-spacer>.elementor-spacer-inner{height:var(--container-widget-height,var(--spacer-size))}.e-con-inner>.elementor-widget-spacer.elementor-widget-empty,.e-con>.elementor-widget-spacer.elementor-widget-empty{position:relative;min-height:22px;min-width:22px}.e-con-inner>.elementor-widget-spacer.elementor-widget-empty .elementor-widget-empty-icon,.e-con>.elementor-widget-spacer.elementor-widget-empty .elementor-widget-empty-icon{position:absolute;top:0;bottom:0;left:0;right:0;margin:auto;padding:0;width:22px;height:22px}<\/style>\t\t<div class=\"elementor-spacer\">\n\t\t\t<div class=\"elementor-spacer-inner\"><\/div>\n\t\t<\/div>\n\t\t\t\t<\/div>\n\t\t\t\t<\/div>\n\t\t\t\t\t<\/div>\n\t\t\t\t<\/div>\n\t\t<div class=\"elementor-element elementor-element-ef13ab4 e-flex e-con-boxed e-con e-parent\" data-id=\"ef13ab4\" data-element_type=\"container\">\n\t\t\t\t\t<div class=\"e-con-inner\">\n\t\t\t\t<div class=\"elementor-element elementor-element-aa5ea98 elementor-widget elementor-widget-heading\" data-id=\"aa5ea98\" data-element_type=\"widget\" data-widget_type=\"heading.default\">\n\t\t\t\t<div class=\"elementor-widget-container\">\n\t\t\t<h2 class=\"elementor-heading-title elementor-size-default\">Page builder<\/h2>\t\t<\/div>\n\t\t\t\t<\/div>\n\t\t\t\t\t<\/div>\n\t\t\t\t<\/div>\n\t\t<div class=\"elementor-element elementor-element-dfe98af e-flex e-con-boxed e-con e-parent\" data-id=\"dfe98af\" data-element_type=\"container\">\n\t\t\t\t\t<div class=\"e-con-inner\">\n\t\t\t\t<div class=\"elementor-element elementor-element-0f2405b elementor-widget elementor-widget-text-editor\" data-id=\"0f2405b\" data-element_type=\"widget\" data-widget_type=\"text-editor.default\">\n\t\t\t\t<div class=\"elementor-widget-container\">\n\t\t\t\t\t\t\t<div class=\"flex-shrink-0 flex flex-col relative items-end\"><div><div class=\"pt-0.5 juice:pt-0\"><div class=\"gizmo-bot-avatar flex h-6 w-6 items-center justify-center overflow-hidden rounded-full juice:h-8 juice:w-8\"><div class=\"relative p-1 rounded-sm flex items-center justify-center bg-token-main-surface-primary text-token-text-primary h-8 w-8\">J&rsquo;ai entrepris la cr\u00e9ation de mon site web en utilisant Elementor, un constructeur de pages\u00a0 reconnu pour sa flexibilit\u00e9 et sa simplicit\u00e9 d&rsquo;utilisation. Elementor permet de concevoir des sites web de mani\u00e8re intuitive gr\u00e2ce \u00e0 une interface glisser-d\u00e9poser. Cela m&rsquo;a permis de personnaliser chaque \u00e9l\u00e9ment de mon site selon mes besoins et pr\u00e9f\u00e9rences, assurant ainsi une coh\u00e9rence visuelle et une navigation optimale.<\/div><\/div><\/div><\/div><\/div>\t\t\t\t\t\t<\/div>\n\t\t\t\t<\/div>\n\t\t\t\t\t<\/div>\n\t\t\t\t<\/div>\n\t\t<div class=\"elementor-element elementor-element-cbe2b9c e-flex e-con-boxed e-con e-parent\" data-id=\"cbe2b9c\" data-element_type=\"container\">\n\t\t\t\t\t<div class=\"e-con-inner\">\n\t\t\t\t<div class=\"elementor-element elementor-element-f055e7e elementor-widget elementor-widget-spacer\" data-id=\"f055e7e\" data-element_type=\"widget\" data-widget_type=\"spacer.default\">\n\t\t\t\t<div class=\"elementor-widget-container\">\n\t\t\t\t\t<div class=\"elementor-spacer\">\n\t\t\t<div class=\"elementor-spacer-inner\"><\/div>\n\t\t<\/div>\n\t\t\t\t<\/div>\n\t\t\t\t<\/div>\n\t\t\t\t\t<\/div>\n\t\t\t\t<\/div>\n\t\t<div class=\"elementor-element elementor-element-e24121b e-flex e-con-boxed e-con e-parent\" data-id=\"e24121b\" data-element_type=\"container\">\n\t\t\t\t\t<div class=\"e-con-inner\">\n\t\t\t\t<div class=\"elementor-element elementor-element-686a95f elementor-widget elementor-widget-heading\" data-id=\"686a95f\" data-element_type=\"widget\" data-widget_type=\"heading.default\">\n\t\t\t\t<div class=\"elementor-widget-container\">\n\t\t\t<h2 class=\"elementor-heading-title elementor-size-default\">Th\u00e8me<\/h2>\t\t<\/div>\n\t\t\t\t<\/div>\n\t\t\t\t\t<\/div>\n\t\t\t\t<\/div>\n\t\t<div class=\"elementor-element elementor-element-af0dd96 e-flex e-con-boxed e-con e-parent\" data-id=\"af0dd96\" data-element_type=\"container\">\n\t\t\t\t\t<div class=\"e-con-inner\">\n\t\t\t\t<div class=\"elementor-element elementor-element-f5d8d67 elementor-widget elementor-widget-text-editor\" data-id=\"f5d8d67\" data-element_type=\"widget\" data-widget_type=\"text-editor.default\">\n\t\t\t\t<div class=\"elementor-widget-container\">\n\t\t\t\t\t\t\t<p>Pour la base visuelle de mon site, j&rsquo;ai choisi le th\u00e8me classique Twenty Twenty Four. Ce th\u00e8me se distingue par son design moderne et \u00e9pur\u00e9, offrant une interface utilisateur intuitive et une pr\u00e9sentation visuelle harmonieuse. L&rsquo;int\u00e9gration transparente de ce th\u00e8me avec Elementor m&rsquo;a permis de tirer pleinement parti des fonctionnalit\u00e9s de personnalisation offertes par le constructeur de pages.<\/p>\t\t\t\t\t\t<\/div>\n\t\t\t\t<\/div>\n\t\t\t\t\t<\/div>\n\t\t\t\t<\/div>\n\t\t<div class=\"elementor-element elementor-element-563fc2d e-flex e-con-boxed e-con e-parent\" data-id=\"563fc2d\" data-element_type=\"container\">\n\t\t\t\t\t<div class=\"e-con-inner\">\n\t\t\t\t<div class=\"elementor-element elementor-element-4b19f53 elementor-widget elementor-widget-spacer\" data-id=\"4b19f53\" data-element_type=\"widget\" data-widget_type=\"spacer.default\">\n\t\t\t\t<div class=\"elementor-widget-container\">\n\t\t\t\t\t<div class=\"elementor-spacer\">\n\t\t\t<div class=\"elementor-spacer-inner\"><\/div>\n\t\t<\/div>\n\t\t\t\t<\/div>\n\t\t\t\t<\/div>\n\t\t\t\t\t<\/div>\n\t\t\t\t<\/div>\n\t\t<div class=\"elementor-element elementor-element-434608a e-flex e-con-boxed e-con e-parent\" data-id=\"434608a\" data-element_type=\"container\">\n\t\t\t\t\t<div class=\"e-con-inner\">\n\t\t\t\t<div class=\"elementor-element elementor-element-9dac478 elementor-widget elementor-widget-heading\" data-id=\"9dac478\" data-element_type=\"widget\" data-widget_type=\"heading.default\">\n\t\t\t\t<div class=\"elementor-widget-container\">\n\t\t\t<h2 class=\"elementor-heading-title elementor-size-default\">Extension<\/h2>\t\t<\/div>\n\t\t\t\t<\/div>\n\t\t\t\t\t<\/div>\n\t\t\t\t<\/div>\n\t\t<div class=\"elementor-element elementor-element-553968b e-flex e-con-boxed e-con e-parent\" data-id=\"553968b\" data-element_type=\"container\">\n\t\t\t\t\t<div class=\"e-con-inner\">\n\t\t\t\t<div class=\"elementor-element elementor-element-f04696c elementor-widget elementor-widget-text-editor\" data-id=\"f04696c\" data-element_type=\"widget\" data-widget_type=\"text-editor.default\">\n\t\t\t\t<div class=\"elementor-widget-container\">\n\t\t\t\t\t\t\t<p>Pour r\u00e9pondre aux besoins de communication et d&rsquo;interaction avec les visiteurs, j&rsquo;ai int\u00e9gr\u00e9 WPForms Lite, une extension sp\u00e9cialement con\u00e7ue pour cr\u00e9er des formulaires de contact. Gr\u00e2ce \u00e0 cette extension, j&rsquo;ai pu mettre en place un formulaire de contact efficace, permettant aux visiteurs de me contacter facilement. Cette fonctionnalit\u00e9 est importante pour renforcer l&rsquo;engagement des utilisateurs et faciliter une communication fluide, ce qui contribue grandement \u00e0 l&rsquo;exp\u00e9rience globale sur le site.<\/p>\t\t\t\t\t\t<\/div>\n\t\t\t\t<\/div>\n\t\t\t\t\t<\/div>\n\t\t\t\t<\/div>\n\t\t\t\t<\/div>\n\t\t","protected":false},"excerpt":{"rendered":"<p>Atarashii Gakko! \u00c0 Propos\u00a0\u00a0 \u00c0 Propos Page builder J&rsquo;ai entrepris la cr\u00e9ation de mon site web en utilisant Elementor, un constructeur de pages\u00a0 reconnu pour sa flexibilit\u00e9 et sa simplicit\u00e9 d&rsquo;utilisation. Elementor permet de concevoir des sites web de mani\u00e8re intuitive gr\u00e2ce \u00e0 une interface glisser-d\u00e9poser. Cela m&rsquo;a permis de personnaliser chaque \u00e9l\u00e9ment de mon [&hellip;]<\/p>\n","protected":false},"author":1,"featured_media":0,"parent":0,"menu_order":0,"comment_status":"closed","ping_status":"closed","template":"elementor_canvas","meta":{"footnotes":""},"class_list":["post-52","page","type-page","status-publish","hentry"],"_links":{"self":[{"href":"https:\/\/siteonepage.cumur.butmmi.o2switch.site\/wordpress\/wp-json\/wp\/v2\/pages\/52","targetHints":{"allow":["GET"]}}],"collection":[{"href":"https:\/\/siteonepage.cumur.butmmi.o2switch.site\/wordpress\/wp-json\/wp\/v2\/pages"}],"about":[{"href":"https:\/\/siteonepage.cumur.butmmi.o2switch.site\/wordpress\/wp-json\/wp\/v2\/types\/page"}],"author":[{"embeddable":true,"href":"https:\/\/siteonepage.cumur.butmmi.o2switch.site\/wordpress\/wp-json\/wp\/v2\/users\/1"}],"replies":[{"embeddable":true,"href":"https:\/\/siteonepage.cumur.butmmi.o2switch.site\/wordpress\/wp-json\/wp\/v2\/comments?post=52"}],"version-history":[{"count":19,"href":"https:\/\/siteonepage.cumur.butmmi.o2switch.site\/wordpress\/wp-json\/wp\/v2\/pages\/52\/revisions"}],"predecessor-version":[{"id":150,"href":"https:\/\/siteonepage.cumur.butmmi.o2switch.site\/wordpress\/wp-json\/wp\/v2\/pages\/52\/revisions\/150"}],"wp:attachment":[{"href":"https:\/\/siteonepage.cumur.butmmi.o2switch.site\/wordpress\/wp-json\/wp\/v2\/media?parent=52"}],"curies":[{"name":"wp","href":"https:\/\/api.w.org\/{rel}","templated":true}]}}